{"id":5934,"date":"2024-03-04T19:08:48","date_gmt":"2024-03-04T19:08:48","guid":{"rendered":"https:\/\/soron.ch\/a-propos-de-nous\/"},"modified":"2026-02-25T14:33:40","modified_gmt":"2026-02-25T14:33:40","slug":"a-propos-de-nous","status":"publish","type":"page","link":"https:\/\/soron.ch\/fr\/a-propos-de-nous\/","title":{"rendered":"\u00c0 propos de nous"},"content":{"rendered":"<p>[et_pb_section fb_built=\u00a0\u00bb1&Prime; custom_padding_last_edited=\u00a0\u00bbon|tablet\u00a0\u00bb _builder_version=\u00a0\u00bb4.27.4&Prime; _module_preset=\u00a0\u00bbdefault\u00a0\u00bb background_image=\u00a0\u00bbhttps:\/\/soron.ch\/wp-content\/uploads\/2026\/01\/ueberuns_startbild.jpg\u00a0\u00bb background_position=\u00a0\u00bbbottom_center\u00a0\u00bb custom_margin=\u00a0\u00bb-120px||||false|false\u00a0\u00bb custom_margin_tablet=\u00a0\u00bb-90px||||false|false\u00a0\u00bb custom_margin_phone=\u00a0\u00bb-90px||||false|false\u00a0\u00bb custom_margin_last_edited=\u00a0\u00bbon|phone\u00a0\u00bb custom_padding=\u00a0\u00bb250px||||false|false\u00a0\u00bb custom_padding_tablet=\u00a0\u00bb250px||||false|false\u00a0\u00bb custom_padding_phone=\u00a0\u00bb200px||||false|false\u00a0\u00bb global_colors_info=\u00a0\u00bb{}\u00a0\u00bb][et_pb_row column_structure=\u00a0\u00bb1_2,1_4,1_4&Prime; make_equal=\u00a0\u00bbon\u00a0\u00bb _builder_version=\u00a0\u00bb4.27.4&Prime; _module_preset=\u00a0\u00bbdefault\u00a0\u00bb width=\u00a0\u00bb85%\u00a0\u00bb custom_padding=\u00a0\u00bb||0px||false|false\u00a0\u00bb custom_css_main_element=\u00a0\u00bbalign-items:flex-end;\u00a0\u00bb global_colors_info=\u00a0\u00bb{}\u00a0\u00bb custom_css_before_last_edited=\u00a0\u00bboff|desktop\u00a0\u00bb custom_css_before_tablet=\u00a0\u00bbcontent:URL(&lsquo;https:\/\/demo.divi-pixel.com\/interior-design\/wp-content\/uploads\/sites\/42\/2024\/03\/id-scroll-down.svg&rsquo;);||position:absolute;||width:14px;||right:0px;||bottom:0;\u00a0\u00bb custom_css_before_phone=\u00a0\u00bbcontent:URL(&lsquo;https:\/\/demo.divi-pixel.com\/interior-design\/wp-content\/uploads\/sites\/42\/2024\/03\/id-scroll-down.svg&rsquo;);||position:absolute;||width:14px;||right:0px;||bottom:0;\u00a0\u00bb][et_pb_column type=\u00a0\u00bb1_2&Prime; _builder_version=\u00a0\u00bb4.20.2&Prime; _module_preset=\u00a0\u00bbdefault\u00a0\u00bb global_colors_info=\u00a0\u00bb{}\u00a0\u00bb][et_pb_text _builder_version=\u00a0\u00bb4.27.4&Prime; _module_preset=\u00a0\u00bbdefault\u00a0\u00bb header_font=\u00a0\u00bb\u2013et_global_heading_font||||||||\u00a0\u00bb header_line_height=\u00a0\u00bb1.2em\u00a0\u00bb custom_margin=\u00a0\u00bb||10px||false|false\u00a0\u00bb custom_margin_tablet=\u00a0\u00bb||10px||false|false\u00a0\u00bb custom_margin_phone=\u00a0\u00bb||0px||false|false\u00a0\u00bb custom_margin_last_edited=\u00a0\u00bbon|phone\u00a0\u00bb header_letter_spacing_tablet=\u00a0\u00bb-3px\u00a0\u00bb header_letter_spacing_phone=\u00a0\u00bb-2px\u00a0\u00bb header_letter_spacing_last_edited=\u00a0\u00bboff|desktop\u00a0\u00bb global_colors_info=\u00a0\u00bb{}\u00a0\u00bb]<\/p>\n<h1>\u00c0 propos de nous<\/h1>\n<p>[\/et_pb_text][\/et_pb_column][et_pb_column type=\u00a0\u00bb1_4&Prime; _builder_version=\u00a0\u00bb4.20.2&Prime; _module_preset=\u00a0\u00bbdefault\u00a0\u00bb global_colors_info=\u00a0\u00bb{}\u00a0\u00bb custom_css_main_element_last_edited=\u00a0\u00bbon|tablet\u00a0\u00bb custom_css_main_element_tablet=\u00a0\u00bbmin-width:100%;\u00a0\u00bb custom_css_main_element_phone=\u00a0\u00bbmin-width:100%;\u00a0\u00bb][\/et_pb_column][et_pb_column type=\u00a0\u00bb1_4&Prime; _builder_version=\u00a0\u00bb4.20.2&Prime; _module_preset=\u00a0\u00bbdefault\u00a0\u00bb global_colors_info=\u00a0\u00bb{}\u00a0\u00bb custom_css_main_element_last_edited=\u00a0\u00bbon|tablet\u00a0\u00bb custom_css_main_element_tablet=\u00a0\u00bbmin-width:100%;\u00a0\u00bb custom_css_main_element_phone=\u00a0\u00bbmin-width:100%;\u00a0\u00bb][\/et_pb_column][\/et_pb_row][\/et_pb_section][et_pb_section fb_built=\u00a0\u00bb1&Prime; _builder_version=\u00a0\u00bb4.20.2&Prime; _module_preset=\u00a0\u00bbdefault\u00a0\u00bb global_colors_info=\u00a0\u00bb{}\u00a0\u00bb][et_pb_row column_structure=\u00a0\u00bb2_5,3_5&Prime; use_custom_gutter=\u00a0\u00bbon\u00a0\u00bb gutter_width=\u00a0\u00bb2&Prime; make_equal=\u00a0\u00bbon\u00a0\u00bb _builder_version=\u00a0\u00bb4.24.2&Prime; _module_preset=\u00a0\u00bbdefault\u00a0\u00bb width=\u00a0\u00bb85%\u00a0\u00bb custom_margin=\u00a0\u00bb||||false|false\u00a0\u00bb global_colors_info=\u00a0\u00bb{}\u00a0\u00bb][et_pb_column type=\u00a0\u00bb2_5&Prime; _builder_version=\u00a0\u00bb4.20.2&Prime; _module_preset=\u00a0\u00bbdefault\u00a0\u00bb global_colors_info=\u00a0\u00bb{}\u00a0\u00bb][et_pb_text _builder_version=\u00a0\u00bb4.27.4&Prime; _module_preset=\u00a0\u00bbdefault\u00a0\u00bb header_2_text_color=\u00a0\u00bb#00050E\u00a0\u00bb header_2_letter_spacing=\u00a0\u00bb-1px\u00a0\u00bb header_2_line_height=\u00a0\u00bb1.1em\u00a0\u00bb max_width=\u00a0\u00bb500px\u00a0\u00bb custom_margin_tablet=\u00a0\u00bb\u00a0\u00bb custom_margin_phone=\u00a0\u00bb||20px||false|false\u00a0\u00bb custom_margin_last_edited=\u00a0\u00bbon|phone\u00a0\u00bb header_2_letter_spacing_tablet=\u00a0\u00bb-2px\u00a0\u00bb header_2_letter_spacing_phone=\u00a0\u00bb-1px\u00a0\u00bb header_2_letter_spacing_last_edited=\u00a0\u00bbon|tablet\u00a0\u00bb global_colors_info=\u00a0\u00bb{}\u00a0\u00bb]<\/p>\n<h2>Ce qui nous distingue.<\/h2>\n<p>[\/et_pb_text][et_pb_blurb content_max_width=\u00a0\u00bb1100px\u00a0\u00bb _builder_version=\u00a0\u00bb4.27.4&Prime; _module_preset=\u00a0\u00bbdefault\u00a0\u00bb header_font=\u00a0\u00bb\u2013et_global_heading_font||||||||\u00a0\u00bb header_text_color=\u00a0\u00bb#00050E\u00a0\u00bb header_font_size=\u00a0\u00bb22px\u00a0\u00bb body_font=\u00a0\u00bb\u2013et_global_body_font||||||||\u00a0\u00bb body_text_color=\u00a0\u00bb#3C3D40&Prime; body_line_height=\u00a0\u00bb1.75em\u00a0\u00bb body_font_size_phone=\u00a0\u00bb17px\u00a0\u00bb locked=\u00a0\u00bboff\u00a0\u00bb global_colors_info=\u00a0\u00bb{}\u00a0\u00bb]<\/p>\n<p>Derri\u00e8re SORON se trouve une \u00e9quipe qui travaille avec passion et pr\u00e9cision. Nous combinons la pens\u00e9e strat\u00e9gique avec une collaboration ouverte pour r\u00e9aliser des projets durables. <\/p>\n<p>Notre approche est claire : vision \u00e0 long terme, transparence et partenariat. Nous \u00e9coutons, analysons et d\u00e9veloppons des solutions adapt\u00e9es aux objectifs. Pour ce faire, nous misons sur des processus modernes et une communication ouverte afin d\u2019instaurer la confiance et d\u2019obtenir des r\u00e9sultats durables.  <\/p>\n<p>[\/et_pb_blurb][\/et_pb_column][et_pb_column type=\u00a0\u00bb3_5&Prime; _builder_version=\u00a0\u00bb4.20.2&Prime; _module_preset=\u00a0\u00bbdefault\u00a0\u00bb global_colors_info=\u00a0\u00bb{}\u00a0\u00bb][et_pb_image src=\u00a0\u00bbhttps:\/\/soron.ch\/wp-content\/uploads\/2026\/01\/ueberuns.jpg\u00a0\u00bb alt=\u00a0\u00bb\u00e0 propos de nous\u00a0\u00bb title_text=\u00a0\u00bbaproposdenous\u00a0\u00bb _builder_version=\u00a0\u00bb4.27.4&Prime; _module_preset=\u00a0\u00bbdefault\u00a0\u00bb global_colors_info=\u00a0\u00bb{}\u00a0\u00bb][\/et_pb_image][\/et_pb_column][\/et_pb_row][et_pb_row _builder_version=\u00a0\u00bb4.27.4&Prime; _module_preset=\u00a0\u00bbdefault\u00a0\u00bb global_colors_info=\u00a0\u00bb{}\u00a0\u00bb][et_pb_column type=\u00a0\u00bb4_4&Prime; _builder_version=\u00a0\u00bb4.27.4&Prime; _module_preset=\u00a0\u00bbdefault\u00a0\u00bb global_colors_info=\u00a0\u00bb{}\u00a0\u00bb][\/et_pb_column][\/et_pb_row][et_pb_row _builder_version=\u00a0\u00bb4.27.4&Prime; _module_preset=\u00a0\u00bbdefault\u00a0\u00bb global_colors_info=\u00a0\u00bb{}\u00a0\u00bb][et_pb_column type=\u00a0\u00bb4_4&Prime; _builder_version=\u00a0\u00bb4.27.4&Prime; _module_preset=\u00a0\u00bbdefault\u00a0\u00bb global_colors_info=\u00a0\u00bb{}\u00a0\u00bb][et_pb_text _builder_version=\u00a0\u00bb4.27.4&Prime; _module_preset=\u00a0\u00bbdefault\u00a0\u00bb custom_padding=\u00a0\u00bb||0px|||\u00a0\u00bb global_colors_info=\u00a0\u00bb{}\u00a0\u00bb]<\/p>\n<h2 style=\"text-align: center;\">Nos experts<\/h2>\n<p>[\/et_pb_text][\/et_pb_column][\/et_pb_row][\/et_pb_section][et_pb_section fb_built=\u00a0\u00bb1&Prime; custom_padding_last_edited=\u00a0\u00bbon|phone\u00a0\u00bb _builder_version=\u00a0\u00bb4.27.4&Prime; _module_preset=\u00a0\u00bbdefault\u00a0\u00bb custom_padding_tablet=\u00a0\u00bb\u00a0\u00bb custom_padding_phone=\u00a0\u00bb0px||||false|false\u00a0\u00bb global_colors_info=\u00a0\u00bb{}\u00a0\u00bb][et_pb_row column_structure=\u00a0\u00bb1_4,1_4,1_4,1_4&Prime; _builder_version=\u00a0\u00bb4.27.4&Prime; _module_preset=\u00a0\u00bbdefault\u00a0\u00bb width=\u00a0\u00bb85%\u00a0\u00bb custom_margin=\u00a0\u00bb|auto|10px|auto||\u00a0\u00bb global_colors_info=\u00a0\u00bb{}\u00a0\u00bb][et_pb_column type=\u00a0\u00bb1_4&Prime; _builder_version=\u00a0\u00bb4.27.4&Prime; _dynamic_attributes=\u00a0\u00bblink_option_url\u00a0\u00bb _module_preset=\u00a0\u00bbdefault\u00a0\u00bb link_option_url=\u00a0\u00bb@ET-DC@eyJkeW5hbWljIjp0cnVlLCJjb250ZW50IjoicG9zdF9saW5rX3VybF9wYWdlIiwic2V0dGluZ3MiOnsicG9zdF9pZCI6Ijc5NCIsImVuYWJsZV9odG1sIjoib2ZmIn19@\u00a0\u00bb global_colors_info=\u00a0\u00bb{}\u00a0\u00bb][et_pb_blurb title=\u00a0\u00bbMichael Ruppen\u00a0\u00bb image=\u00a0\u00bbhttps:\/\/soron.ch\/wp-content\/uploads\/2026\/01\/michael.png\u00a0\u00bb icon_alignment=\u00a0\u00bbleft\u00a0\u00bb content_max_width=\u00a0\u00bb100%\u00a0\u00bb _builder_version=\u00a0\u00bb4.27.4&Prime; _module_preset=\u00a0\u00bbdefault\u00a0\u00bb header_font=\u00a0\u00bb\u2013et_global_heading_font||||||||\u00a0\u00bb body_font=\u00a0\u00bb\u2013et_global_body_font||||||||\u00a0\u00bb body_text_color=\u00a0\u00bbrgba(0,5,14,0.72)\u00a0\u00bb body_line_height=\u00a0\u00bb1.8em\u00a0\u00bb width=\u00a0\u00bb85.9%\u00a0\u00bb min_height=\u00a0\u00bb382px\u00a0\u00bb custom_margin=\u00a0\u00bb||-14px|||\u00a0\u00bb custom_padding=\u00a0\u00bb40px||18px||false|false\u00a0\u00bb border_width_top=\u00a0\u00bb1px\u00a0\u00bb border_color_top=\u00a0\u00bb#8C7C6D\u00a0\u00bb border_color_bottom=\u00a0\u00bb#8C7C6D\u00a0\u00bb border_width_top_tablet=\u00a0\u00bb0px\u00a0\u00bb border_width_top_phone=\u00a0\u00bb0px\u00a0\u00bb border_width_top_last_edited=\u00a0\u00bbon|phone\u00a0\u00bb global_colors_info=\u00a0\u00bb{}\u00a0\u00bb border_color_top__hover_enabled=\u00a0\u00bbon|hover\u00a0\u00bb border_color_top__hover=\u00a0\u00bb#000000&Prime; transform_styles__hover_enabled=\u00a0\u00bbon|hover\u00a0\u00bb transform_scale__hover_enabled=\u00a0\u00bbon|hover\u00a0\u00bb transform_translate__hover_enabled=\u00a0\u00bbon|desktop\u00a0\u00bb transform_rotate__hover_enabled=\u00a0\u00bbon|desktop\u00a0\u00bb transform_skew__hover_enabled=\u00a0\u00bbon|desktop\u00a0\u00bb transform_origin__hover_enabled=\u00a0\u00bbon|desktop\u00a0\u00bb transform_scale__hover=\u00a0\u00bb103%|103%\u00a0\u00bb][\/et_pb_blurb][\/et_pb_column][et_pb_column type=\u00a0\u00bb1_4&Prime; _builder_version=\u00a0\u00bb4.27.4&Prime; _dynamic_attributes=\u00a0\u00bblink_option_url\u00a0\u00bb _module_preset=\u00a0\u00bbdefault\u00a0\u00bb link_option_url=\u00a0\u00bb@ET-DC@eyJkeW5hbWljIjp0cnVlLCJjb250ZW50IjoicG9zdF9saW5rX3VybF9wYWdlIiwic2V0dGluZ3MiOnsicG9zdF9pZCI6Ijc5NCIsImVuYWJsZV9odG1sIjoib2ZmIn19@\u00a0\u00bb global_colors_info=\u00a0\u00bb{}\u00a0\u00bb][et_pb_blurb title=\u00a0\u00bbAnnalene Florey\u00a0\u00bb image=\u00a0\u00bbhttps:\/\/soron.ch\/wp-content\/uploads\/2026\/01\/annalene.png\u00a0\u00bb icon_alignment=\u00a0\u00bbleft\u00a0\u00bb content_max_width=\u00a0\u00bb100%\u00a0\u00bb _builder_version=\u00a0\u00bb4.27.4&Prime; _module_preset=\u00a0\u00bbdefault\u00a0\u00bb header_font=\u00a0\u00bb\u2013et_global_heading_font||||||||\u00a0\u00bb body_font=\u00a0\u00bb\u2013et_global_body_font||||||||\u00a0\u00bb body_text_color=\u00a0\u00bbrgba(0,5,14,0.72)\u00a0\u00bb body_line_height=\u00a0\u00bb1.8em\u00a0\u00bb width=\u00a0\u00bb85.9%\u00a0\u00bb min_height=\u00a0\u00bb382px\u00a0\u00bb custom_margin=\u00a0\u00bb||-14px|||\u00a0\u00bb custom_padding=\u00a0\u00bb40px||18px||false|false\u00a0\u00bb border_width_top=\u00a0\u00bb1px\u00a0\u00bb border_color_top=\u00a0\u00bb#8C7C6D\u00a0\u00bb border_color_bottom=\u00a0\u00bb#8C7C6D\u00a0\u00bb border_width_top_tablet=\u00a0\u00bb0px\u00a0\u00bb border_width_top_phone=\u00a0\u00bb0px\u00a0\u00bb border_width_top_last_edited=\u00a0\u00bbon|phone\u00a0\u00bb global_colors_info=\u00a0\u00bb{}\u00a0\u00bb border_color_top__hover_enabled=\u00a0\u00bbon|hover\u00a0\u00bb border_color_top__hover=\u00a0\u00bb#000000&Prime; transform_styles__hover_enabled=\u00a0\u00bbon|hover\u00a0\u00bb transform_scale__hover=\u00a0\u00bb103%|103%\u00a0\u00bb transform_scale__hover_enabled=\u00a0\u00bbon|hover\u00a0\u00bb transform_translate__hover_enabled=\u00a0\u00bbon|desktop\u00a0\u00bb transform_rotate__hover_enabled=\u00a0\u00bbon|desktop\u00a0\u00bb transform_skew__hover_enabled=\u00a0\u00bbon|desktop\u00a0\u00bb transform_origin__hover_enabled=\u00a0\u00bbon|desktop\u00a0\u00bb][\/et_pb_blurb][\/et_pb_column][et_pb_column type=\u00a0\u00bb1_4&Prime; _builder_version=\u00a0\u00bb4.27.4&Prime; _dynamic_attributes=\u00a0\u00bblink_option_url\u00a0\u00bb _module_preset=\u00a0\u00bbdefault\u00a0\u00bb link_option_url=\u00a0\u00bb@ET-DC@eyJkeW5hbWljIjp0cnVlLCJjb250ZW50IjoicG9zdF9saW5rX3VybF9wYWdlIiwic2V0dGluZ3MiOnsicG9zdF9pZCI6Ijc5NCIsImVuYWJsZV9odG1sIjoib2ZmIn19@\u00a0\u00bb global_colors_info=\u00a0\u00bb{}\u00a0\u00bb][et_pb_blurb title=\u00a0\u00bbNadine Bregy\u00a0\u00bb image=\u00a0\u00bbhttps:\/\/soron.ch\/wp-content\/uploads\/2026\/01\/nadine.png\u00a0\u00bb icon_alignment=\u00a0\u00bbleft\u00a0\u00bb content_max_width=\u00a0\u00bb100%\u00a0\u00bb _builder_version=\u00a0\u00bb4.27.4&Prime; _module_preset=\u00a0\u00bbdefault\u00a0\u00bb header_font=\u00a0\u00bb\u2013et_global_heading_font||||||||\u00a0\u00bb body_font=\u00a0\u00bb\u2013et_global_body_font||||||||\u00a0\u00bb body_text_color=\u00a0\u00bbrgba(0,5,14,0.72)\u00a0\u00bb body_line_height=\u00a0\u00bb1.8em\u00a0\u00bb width=\u00a0\u00bb85.9%\u00a0\u00bb min_height=\u00a0\u00bb382px\u00a0\u00bb custom_margin=\u00a0\u00bb||-14px|||\u00a0\u00bb custom_padding=\u00a0\u00bb40px||18px||false|false\u00a0\u00bb border_width_top=\u00a0\u00bb1px\u00a0\u00bb border_color_top=\u00a0\u00bb#8C7C6D\u00a0\u00bb border_color_bottom=\u00a0\u00bb#8C7C6D\u00a0\u00bb border_width_top_tablet=\u00a0\u00bb0px\u00a0\u00bb border_width_top_phone=\u00a0\u00bb0px\u00a0\u00bb border_width_top_last_edited=\u00a0\u00bbon|phone\u00a0\u00bb global_colors_info=\u00a0\u00bb{}\u00a0\u00bb border_color_top__hover_enabled=\u00a0\u00bbon|hover\u00a0\u00bb border_color_top__hover=\u00a0\u00bb#000000&Prime; transform_styles__hover_enabled=\u00a0\u00bbon|hover\u00a0\u00bb transform_scale__hover=\u00a0\u00bb103%|103%\u00a0\u00bb transform_scale__hover_enabled=\u00a0\u00bbon|hover\u00a0\u00bb transform_translate__hover_enabled=\u00a0\u00bbon|desktop\u00a0\u00bb transform_rotate__hover_enabled=\u00a0\u00bbon|desktop\u00a0\u00bb transform_skew__hover_enabled=\u00a0\u00bbon|desktop\u00a0\u00bb transform_origin__hover_enabled=\u00a0\u00bbon|desktop\u00a0\u00bb][\/et_pb_blurb][\/et_pb_column][et_pb_column type=\u00a0\u00bb1_4&Prime; _builder_version=\u00a0\u00bb4.27.4&Prime; _dynamic_attributes=\u00a0\u00bblink_option_url\u00a0\u00bb _module_preset=\u00a0\u00bbdefault\u00a0\u00bb link_option_url=\u00a0\u00bb@ET-DC@eyJkeW5hbWljIjp0cnVlLCJjb250ZW50IjoicG9zdF9saW5rX3VybF9wYWdlIiwic2V0dGluZ3MiOnsicG9zdF9pZCI6Ijc5NCIsImVuYWJsZV9odG1sIjoib2ZmIn19@\u00a0\u00bb global_colors_info=\u00a0\u00bb{}\u00a0\u00bb][et_pb_blurb title=\u00a0\u00bbRalf Schnydrig\u00a0\u00bb image=\u00a0\u00bbhttps:\/\/soron.ch\/wp-content\/uploads\/2026\/01\/ralf.png\u00a0\u00bb icon_alignment=\u00a0\u00bbleft\u00a0\u00bb content_max_width=\u00a0\u00bb100%\u00a0\u00bb _builder_version=\u00a0\u00bb4.27.4&Prime; _module_preset=\u00a0\u00bbdefault\u00a0\u00bb header_font=\u00a0\u00bb\u2013et_global_heading_font||||||||\u00a0\u00bb body_font=\u00a0\u00bb\u2013et_global_body_font||||||||\u00a0\u00bb body_text_color=\u00a0\u00bbrgba(0,5,14,0.72)\u00a0\u00bb body_line_height=\u00a0\u00bb1.8em\u00a0\u00bb width=\u00a0\u00bb85.9%\u00a0\u00bb min_height=\u00a0\u00bb382px\u00a0\u00bb custom_margin=\u00a0\u00bb||-14px|||\u00a0\u00bb custom_padding=\u00a0\u00bb40px||18px||false|false\u00a0\u00bb border_width_top=\u00a0\u00bb1px\u00a0\u00bb border_color_top=\u00a0\u00bb#8C7C6D\u00a0\u00bb border_color_bottom=\u00a0\u00bb#8C7C6D\u00a0\u00bb border_width_top_tablet=\u00a0\u00bb0px\u00a0\u00bb border_width_top_phone=\u00a0\u00bb0px\u00a0\u00bb border_width_top_last_edited=\u00a0\u00bbon|phone\u00a0\u00bb global_colors_info=\u00a0\u00bb{}\u00a0\u00bb border_color_top__hover_enabled=\u00a0\u00bbon|hover\u00a0\u00bb border_color_top__hover=\u00a0\u00bb#000000&Prime; transform_styles__hover_enabled=\u00a0\u00bbon|hover\u00a0\u00bb transform_scale__hover=\u00a0\u00bb103%|103%\u00a0\u00bb transform_scale__hover_enabled=\u00a0\u00bbon|hover\u00a0\u00bb transform_translate__hover_enabled=\u00a0\u00bbon|desktop\u00a0\u00bb transform_rotate__hover_enabled=\u00a0\u00bbon|desktop\u00a0\u00bb transform_skew__hover_enabled=\u00a0\u00bbon|desktop\u00a0\u00bb transform_origin__hover_enabled=\u00a0\u00bbon|desktop\u00a0\u00bb][\/et_pb_blurb][\/et_pb_column][\/et_pb_row][\/et_pb_section][et_pb_section fb_built=\u00a0\u00bb1&Prime; custom_padding_last_edited=\u00a0\u00bbon|phone\u00a0\u00bb _builder_version=\u00a0\u00bb4.27.4&Prime; _module_preset=\u00a0\u00bbdefault\u00a0\u00bb custom_padding=\u00a0\u00bb0px||||false|false\u00a0\u00bb custom_padding_tablet=\u00a0\u00bb0px||||false|false\u00a0\u00bb custom_padding_phone=\u00a0\u00bb0px||0px||false|false\u00a0\u00bb locked=\u00a0\u00bboff\u00a0\u00bb global_colors_info=\u00a0\u00bb{}\u00a0\u00bb][et_pb_row _builder_version=\u00a0\u00bb4.27.4&Prime; _module_preset=\u00a0\u00bbdefault\u00a0\u00bb width=\u00a0\u00bb85%\u00a0\u00bb width_tablet=\u00a0\u00bb85%\u00a0\u00bb width_phone=\u00a0\u00bb100%\u00a0\u00bb width_last_edited=\u00a0\u00bbon|phone\u00a0\u00bb custom_margin=\u00a0\u00bb||0px||false|false\u00a0\u00bb locked=\u00a0\u00bboff\u00a0\u00bb global_colors_info=\u00a0\u00bb{}\u00a0\u00bb][et_pb_column type=\u00a0\u00bb4_4&Prime; _builder_version=\u00a0\u00bb4.20.2&Prime; _module_preset=\u00a0\u00bbdefault\u00a0\u00bb global_colors_info=\u00a0\u00bb{}\u00a0\u00bb][dipi_expanding_cta content_title=\u00a0\u00bbFaites notre connaissance.\u00a0\u00bb show_content_button=\u00a0\u00bbon\u00a0\u00bb content_button_text=\u00a0\u00bbDemander un premier entretien sans engagement\u00a0\u00bb content_button_link=\u00a0\u00bb@ET-DC@eyJkeW5hbWljIjp0cnVlLCJjb250ZW50IjoicG9zdF9saW5rX3VybF9wYWdlIiwic2V0dGluZ3MiOnsicG9zdF9pZCI6Ijc5NCIsImVuYWJsZV9odG1sIjoib2ZmIn19@\u00a0\u00bb content_button_link_target=\u00a0\u00bbon\u00a0\u00bb hide_header=\u00a0\u00bbon\u00a0\u00bb hide_backtotop=\u00a0\u00bbon\u00a0\u00bb container_padding=\u00a0\u00bb150px|50px|150px|50px|true|true\u00a0\u00bb content_alignment=\u00a0\u00bbleft\u00a0\u00bb overlay_bg_color=\u00a0\u00bbrgba(0,0,0,0.7)\u00a0\u00bb container_padding_tablet=\u00a0\u00bb150px|50px|150px|50px|true|true\u00a0\u00bb container_padding_phone=\u00a0\u00bb60px|10px|60px|30px|true|false\u00a0\u00bb container_padding_last_edited=\u00a0\u00bbon|phone\u00a0\u00bb _builder_version=\u00a0\u00bb4.27.5&Prime; _dynamic_attributes=\u00a0\u00bbcontent_button_link\u00a0\u00bb _module_preset=\u00a0\u00bbdefault\u00a0\u00bb content_title_font=\u00a0\u00bb\u2013et_global_heading_font||||||||\u00a0\u00bb content_title_text_align=\u00a0\u00bbleft\u00a0\u00bb content_title_letter_spacing=\u00a0\u00bb-1px\u00a0\u00bb content_title_line_height=\u00a0\u00bb1.1em\u00a0\u00bb background_image=\u00a0\u00bbhttps:\/\/soron.ch\/wp-content\/uploads\/2026\/01\/soron_erstgespraech.jpg\u00a0\u00bb custom_content_button=\u00a0\u00bbon\u00a0\u00bb content_button_bg_color=\u00a0\u00bbRGBA(255,255,255,0)\u00a0\u00bb content_button_border_width=\u00a0\u00bb0px\u00a0\u00bb content_button_border_radius=\u00a0\u00bb0px\u00a0\u00bb content_button_font=\u00a0\u00bb\u2013et_global_body_font||||||||\u00a0\u00bb content_button_icon=\u00a0\u00bb&#x24;||divi||400&Prime; content_button_on_hover=\u00a0\u00bboff\u00a0\u00bb content_button_alignment=\u00a0\u00bbleft\u00a0\u00bb content_button_custom_margin=\u00a0\u00bb10px||||false|false\u00a0\u00bb content_button_custom_padding=\u00a0\u00bb0px|0px|0px|0px|true|true\u00a0\u00bb hover_enabled=\u00a0\u00bb0&Prime; content_title_letter_spacing_tablet=\u00a0\u00bb-2px\u00a0\u00bb content_title_letter_spacing_phone=\u00a0\u00bb-1px\u00a0\u00bb content_title_letter_spacing_last_edited=\u00a0\u00bbon|phone\u00a0\u00bb background_last_edited=\u00a0\u00bbon|tablet\u00a0\u00bb background_image_tablet=\u00a0\u00bbhttps:\/\/soron.ch\/wp-content\/uploads\/2026\/02\/soron_erstgespraech_mobil.jpg\u00a0\u00bb background_enable_image_tablet=\u00a0\u00bbon\u00a0\u00bb locked=\u00a0\u00bboff\u00a0\u00bb global_colors_info=\u00a0\u00bb{}\u00a0\u00bb sticky_enabled=\u00a0\u00bb0&Prime;][\/dipi_expanding_cta][\/et_pb_column][\/et_pb_row][\/et_pb_section]<\/p>\n","protected":false},"excerpt":{"rendered":"<p>\u00c0 propos de nousCe qui nous distingue.Derri\u00e8re SORON se trouve une \u00e9quipe qui travaille avec passion et pr\u00e9cision. Nous combinons la pens\u00e9e strat\u00e9gique avec une collaboration ouverte pour r\u00e9aliser des projets durables. Notre approche est claire : vision \u00e0 long terme, transparence et partenariat. Nous \u00e9coutons, analysons et d\u00e9veloppons des solutions adapt\u00e9es aux objectifs. Pour [&hellip;]<\/p>\n","protected":false},"author":1,"featured_media":0,"parent":0,"menu_order":0,"comment_status":"closed","ping_status":"closed","template":"","meta":{"_et_pb_use_builder":"on","_et_pb_old_content":"","_et_gb_content_width":"","footnotes":""},"dipi_cpt_category":[],"class_list":["post-5934","page","type-page","status-publish","hentry"],"_links":{"self":[{"href":"https:\/\/soron.ch\/fr\/wp-json\/wp\/v2\/pages\/5934","targetHints":{"allow":["GET"]}}],"collection":[{"href":"https:\/\/soron.ch\/fr\/wp-json\/wp\/v2\/pages"}],"about":[{"href":"https:\/\/soron.ch\/fr\/wp-json\/wp\/v2\/types\/page"}],"author":[{"embeddable":true,"href":"https:\/\/soron.ch\/fr\/wp-json\/wp\/v2\/users\/1"}],"replies":[{"embeddable":true,"href":"https:\/\/soron.ch\/fr\/wp-json\/wp\/v2\/comments?post=5934"}],"version-history":[{"count":3,"href":"https:\/\/soron.ch\/fr\/wp-json\/wp\/v2\/pages\/5934\/revisions"}],"predecessor-version":[{"id":6147,"href":"https:\/\/soron.ch\/fr\/wp-json\/wp\/v2\/pages\/5934\/revisions\/6147"}],"wp:attachment":[{"href":"https:\/\/soron.ch\/fr\/wp-json\/wp\/v2\/media?parent=5934"}],"wp:term":[{"taxonomy":"dipi_cpt_category","embeddable":true,"href":"https:\/\/soron.ch\/fr\/wp-json\/wp\/v2\/dipi_cpt_category?post=5934"}],"curies":[{"name":"wp","href":"https:\/\/api.w.org\/{rel}","templated":true}]}}